

{"id":1897,"date":"2020-07-25T16:09:21","date_gmt":"2020-07-25T16:09:21","guid":{"rendered":"https:\/\/www.kleinereise.de\/berlin\/?page_id=1897"},"modified":"2021-01-21T11:16:15","modified_gmt":"2021-01-21T09:16:15","slug":"ueber-kleinereise-de","status":"publish","type":"page","link":"https:\/\/www.kleinereise.de\/berlin\/ueber-kleinereise-de\/","title":{"rendered":"\u00dcber KleineReise.de"},"content":{"rendered":"<p><img loading=\"lazy\" class=\"size-full wp-image-444 aligncenter\" src=\"http:\/\/www.kleinereise.de\/wp-content\/uploads\/2015\/01\/kleinereise_de_entdecke_die_naehe_tipps_fuer_ausfluege_freizeit_und_urlaub.gif\" alt=\"KleineReise.de | Entdecke Berlin und Umland\" width=\"143\" height=\"117\" \/><\/p>\n<h5 style=\"text-align: justify;\"><strong>Tipps f\u00fcr Ausflug, Freizeit und Urlaub in Berlin und Umland<\/strong><\/h5>\n<p><code><\/code><\/p>\n<p>&nbsp;<\/p>\n<p>KleineReise.de gibt Berlinern und Berlin-Touristen Tipps f\u00fcr Ausflug, Freizeit und Urlaub in Berlin und Umland.<\/p>\n<p style=\"text-align: justify;\">In Berlin gibt es viel zu entdecken. Auch das Berliner Umland, das schon durch Theodor Fontanes &#8222;Wanderungen durch die Mark Brandenburg&#8220; bekannt geworden ist, wird immer interessanter als Ziel f\u00fcr Kurzurlaub und Wochenend-Reise.<\/p>\n<p style=\"text-align: justify;\">Sch\u00f6ne Landschaften, Kultur und Geschichte in Brandenburg, Mecklenburg-Vorpommern, Sachsen, Th\u00fcringen und Sachsen-Anhalt locken, eine ausgepr\u00e4gte touristische Infrastruktur hat sich entwickelt.<\/p>\n<p>Nehmen Sie eine Auszeit vom Alltag. Entdecken Sie die N\u00e4he. Machen Sie eine kleine Reise in der Freizeit, am Wochenende oder in den Ferien.<\/p>\n<p><a href=\"http:\/\/www.kleinereise.de\/berlin\/\"><strong>Tipps f\u00fcr Ausflug, Freizeit und Urlaub in Berlin und Umland<\/strong><\/a><\/p>\n<h5 style=\"text-align: justify;\">\u00a0<\/h5>\n","protected":false},"excerpt":{"rendered":"<p>Tipps f\u00fcr Ausflug, Freizeit und Urlaub in Berlin und Umland &nbsp; KleineReise.de gibt Berlinern und Berlin-Touristen Tipps f\u00fcr Ausflug, Freizeit und Urlaub in Berlin und Umland. In Berlin gibt es viel zu entdecken. Auch das Berliner Umland, das schon durch Theodor Fontanes &#8222;Wanderungen durch die Mark Brandenburg&#8220; bekannt geworden ist, wird immer interessanter als Ziel [&hellip;]<\/p>\n","protected":false},"author":3,"featured_media":0,"parent":0,"menu_order":0,"comment_status":"closed","ping_status":"closed","template":"","meta":{"extendify_custom_stylesheet":""},"yoast_head":"<!-- This site is optimized with the Yoast SEO plugin v17.9 - https:\/\/yoast.com\/wordpress\/plugins\/seo\/ -->\n<title>\u00dcber KleineReise.de - KleineReise.de &gt; Berlin<\/title>\n<meta name=\"robots\" content=\"index, follow, max-snippet:-1, max-image-preview:large, max-video-preview:-1\" \/>\n<link rel=\"canonical\" href=\"https:\/\/www.kleinereise.de\/berlin\/ueber-kleinereise-de\/\" \/>\n<meta name=\"twitter:label1\" content=\"Gesch\u00e4tzte Lesezeit\" \/>\n\t<meta name=\"twitter:data1\" content=\"1 Minute\" \/>\n<script type=\"application\/ld+json\" class=\"yoast-schema-graph\">{\"@context\":\"https:\/\/schema.org\",\"@graph\":[{\"@type\":\"WebSite\",\"@id\":\"https:\/\/www.kleinereise.de\/berlin\/#website\",\"url\":\"https:\/\/www.kleinereise.de\/berlin\/\",\"name\":\"KleineReise.de &gt; Berlin\",\"description\":\"KleineReise.de | Entdecke Berlin &amp; Umland\",\"potentialAction\":[{\"@type\":\"SearchAction\",\"target\":{\"@type\":\"EntryPoint\",\"urlTemplate\":\"https:\/\/www.kleinereise.de\/berlin\/?s={search_term_string}\"},\"query-input\":\"required name=search_term_string\"}],\"inLanguage\":\"de-DE\"},{\"@type\":\"ImageObject\",\"@id\":\"https:\/\/www.kleinereise.de\/berlin\/ueber-kleinereise-de\/#primaryimage\",\"inLanguage\":\"de-DE\",\"url\":\"http:\/\/www.kleinereise.de\/wp-content\/uploads\/2015\/01\/kleinereise_de_entdecke_die_naehe_tipps_fuer_ausfluege_freizeit_und_urlaub.gif\",\"contentUrl\":\"http:\/\/www.kleinereise.de\/wp-content\/uploads\/2015\/01\/kleinereise_de_entdecke_die_naehe_tipps_fuer_ausfluege_freizeit_und_urlaub.gif\"},{\"@type\":\"WebPage\",\"@id\":\"https:\/\/www.kleinereise.de\/berlin\/ueber-kleinereise-de\/#webpage\",\"url\":\"https:\/\/www.kleinereise.de\/berlin\/ueber-kleinereise-de\/\",\"name\":\"\\u00dcber KleineReise.de - KleineReise.de &gt; Berlin\",\"isPartOf\":{\"@id\":\"https:\/\/www.kleinereise.de\/berlin\/#website\"},\"primaryImageOfPage\":{\"@id\":\"https:\/\/www.kleinereise.de\/berlin\/ueber-kleinereise-de\/#primaryimage\"},\"datePublished\":\"2020-07-25T16:09:21+00:00\",\"dateModified\":\"2021-01-21T09:16:15+00:00\",\"breadcrumb\":{\"@id\":\"https:\/\/www.kleinereise.de\/berlin\/ueber-kleinereise-de\/#breadcrumb\"},\"inLanguage\":\"de-DE\",\"potentialAction\":[{\"@type\":\"ReadAction\",\"target\":[\"https:\/\/www.kleinereise.de\/berlin\/ueber-kleinereise-de\/\"]}]},{\"@type\":\"BreadcrumbList\",\"@id\":\"https:\/\/www.kleinereise.de\/berlin\/ueber-kleinereise-de\/#breadcrumb\",\"itemListElement\":[{\"@type\":\"ListItem\",\"position\":1,\"name\":\"\\u00dcbersicht\",\"item\":\"https:\/\/www.kleinereise.de\/berlin\/\"},{\"@type\":\"ListItem\",\"position\":2,\"name\":\"\\u00dcber KleineReise.de\"}]}]}<\/script>\n<!-- \/ Yoast SEO plugin. -->","yoast_head_json":{"title":"\u00dcber KleineReise.de - KleineReise.de &gt; Berlin","robots":{"index":"index","follow":"follow","max-snippet":"max-snippet:-1","max-image-preview":"max-image-preview:large","max-video-preview":"max-video-preview:-1"},"canonical":"https:\/\/www.kleinereise.de\/berlin\/ueber-kleinereise-de\/","twitter_misc":{"Gesch\u00e4tzte Lesezeit":"1 Minute"},"schema":{"@context":"https:\/\/schema.org","@graph":[{"@type":"WebSite","@id":"https:\/\/www.kleinereise.de\/berlin\/#website","url":"https:\/\/www.kleinereise.de\/berlin\/","name":"KleineReise.de &gt; Berlin","description":"KleineReise.de | Entdecke Berlin &amp; Umland","potentialAction":[{"@type":"SearchAction","target":{"@type":"EntryPoint","urlTemplate":"https:\/\/www.kleinereise.de\/berlin\/?s={search_term_string}"},"query-input":"required name=search_term_string"}],"inLanguage":"de-DE"},{"@type":"ImageObject","@id":"https:\/\/www.kleinereise.de\/berlin\/ueber-kleinereise-de\/#primaryimage","inLanguage":"de-DE","url":"http:\/\/www.kleinereise.de\/wp-content\/uploads\/2015\/01\/kleinereise_de_entdecke_die_naehe_tipps_fuer_ausfluege_freizeit_und_urlaub.gif","contentUrl":"http:\/\/www.kleinereise.de\/wp-content\/uploads\/2015\/01\/kleinereise_de_entdecke_die_naehe_tipps_fuer_ausfluege_freizeit_und_urlaub.gif"},{"@type":"WebPage","@id":"https:\/\/www.kleinereise.de\/berlin\/ueber-kleinereise-de\/#webpage","url":"https:\/\/www.kleinereise.de\/berlin\/ueber-kleinereise-de\/","name":"\u00dcber KleineReise.de - KleineReise.de &gt; Berlin","isPartOf":{"@id":"https:\/\/www.kleinereise.de\/berlin\/#website"},"primaryImageOfPage":{"@id":"https:\/\/www.kleinereise.de\/berlin\/ueber-kleinereise-de\/#primaryimage"},"datePublished":"2020-07-25T16:09:21+00:00","dateModified":"2021-01-21T09:16:15+00:00","breadcrumb":{"@id":"https:\/\/www.kleinereise.de\/berlin\/ueber-kleinereise-de\/#breadcrumb"},"inLanguage":"de-DE","potentialAction":[{"@type":"ReadAction","target":["https:\/\/www.kleinereise.de\/berlin\/ueber-kleinereise-de\/"]}]},{"@type":"BreadcrumbList","@id":"https:\/\/www.kleinereise.de\/berlin\/ueber-kleinereise-de\/#breadcrumb","itemListElement":[{"@type":"ListItem","position":1,"name":"\u00dcbersicht","item":"https:\/\/www.kleinereise.de\/berlin\/"},{"@type":"ListItem","position":2,"name":"\u00dcber KleineReise.de"}]}]}},"_links":{"self":[{"href":"https:\/\/www.kleinereise.de\/berlin\/wp-json\/wp\/v2\/pages\/1897"}],"collection":[{"href":"https:\/\/www.kleinereise.de\/berlin\/wp-json\/wp\/v2\/pages"}],"about":[{"href":"https:\/\/www.kleinereise.de\/berlin\/wp-json\/wp\/v2\/types\/page"}],"author":[{"embeddable":true,"href":"https:\/\/www.kleinereise.de\/berlin\/wp-json\/wp\/v2\/users\/3"}],"replies":[{"embeddable":true,"href":"https:\/\/www.kleinereise.de\/berlin\/wp-json\/wp\/v2\/comments?post=1897"}],"version-history":[{"count":5,"href":"https:\/\/www.kleinereise.de\/berlin\/wp-json\/wp\/v2\/pages\/1897\/revisions"}],"predecessor-version":[{"id":2538,"href":"https:\/\/www.kleinereise.de\/berlin\/wp-json\/wp\/v2\/pages\/1897\/revisions\/2538"}],"wp:attachment":[{"href":"https:\/\/www.kleinereise.de\/berlin\/wp-json\/wp\/v2\/media?parent=1897"}],"curies":[{"name":"wp","href":"https:\/\/api.w.org\/{rel}","templated":true}]}}